{"id":11,"date":"2016-05-13T13:10:18","date_gmt":"2016-05-13T13:10:18","guid":{"rendered":"http:\/\/remtech.com.pl\/?page_id=11"},"modified":"2019-09-30T08:26:25","modified_gmt":"2019-09-30T08:26:25","slug":"kontakt","status":"publish","type":"page","link":"https:\/\/remtech.com.pl\/?page_id=11&lang=pl","title":{"rendered":"kontakt"},"content":{"rendered":"\n<p><strong>REMTECH Sp. z o. o.<\/strong><br>ul. Tadeusza Regera 30<br>43-382 Bielsko-Bia\u0142a<br>NIP 547-19-16-310<\/p>\n\n\n\n<p>dojazd od ul. P\u00f3\u0142nocnej<\/p>\n\n\n\n<p>Pracujemy od poniedzia\u0142ku do pi\u0105tku w godzinach 6.00-14.00<\/p>\n\n\n\n<p>tel.: +48 33 474 00 80<br>kom.: +48 602 401 473<br><a href=\"mailto:biuro@remtech.com.pl\">biuro@remtech.com.pl<\/a><\/p>\n\n\n\n<p>Zapytania i oferty prosimy kierowa\u0107 pod powy\u017csze numery telefonu oraz adresy e-mail.<\/p>\n\n\n\n<p>Dzia\u0142 automatyki (kontakt w sprawach technologicznych):<br>mobile: +48 607 313 101<\/p>\n\n\n\n<figure><iframe loading=\"lazy\" src=\"https:\/\/www.google.com\/maps\/embed?pb=!1m18!1m12!1m3!1d41194.10382816067!2d19.028702547396772!3d49.81179536745651!2m3!1f0!2f0!3f0!3m2!1i1024!2i768!4f13.1!3m3!1m2!1s0x4716a0514caa5b0f%3A0xa2623ff2661a027f!2sRemtech%20Sp.%20z%20o.%20o.!5e0!3m2!1spl!2spl!4v1569831859653!5m2!1spl!2spl\" allowfullscreen=\"\" width=\"600\" height=\"450\"><\/iframe><\/figure>\n","protected":false},"excerpt":{"rendered":"<p>REMTECH Sp. z o. o.ul. Tadeusza Regera 3043-382 Bielsko-Bia\u0142aNIP 547-19-16-310 dojazd od ul. P\u00f3\u0142nocnej Pracujemy od poniedzia\u0142ku do pi\u0105tku w<\/p>\n","protected":false},"author":1,"featured_media":0,"parent":0,"menu_order":0,"comment_status":"closed","ping_status":"closed","template":"","meta":{"footnotes":""},"class_list":["post-11","page","type-page","status-publish","hentry","not-sticky"],"jetpack_sharing_enabled":true,"_links":{"self":[{"href":"https:\/\/remtech.com.pl\/index.php?rest_route=\/wp\/v2\/pages\/11","targetHints":{"allow":["GET"]}}],"collection":[{"href":"https:\/\/remtech.com.pl\/index.php?rest_route=\/wp\/v2\/pages"}],"about":[{"href":"https:\/\/remtech.com.pl\/index.php?rest_route=\/wp\/v2\/types\/page"}],"author":[{"embeddable":true,"href":"https:\/\/remtech.com.pl\/index.php?rest_route=\/wp\/v2\/users\/1"}],"replies":[{"embeddable":true,"href":"https:\/\/remtech.com.pl\/index.php?rest_route=%2Fwp%2Fv2%2Fcomments&post=11"}],"version-history":[{"count":14,"href":"https:\/\/remtech.com.pl\/index.php?rest_route=\/wp\/v2\/pages\/11\/revisions"}],"predecessor-version":[{"id":592,"href":"https:\/\/remtech.com.pl\/index.php?rest_route=\/wp\/v2\/pages\/11\/revisions\/592"}],"wp:attachment":[{"href":"https:\/\/remtech.com.pl\/index.php?rest_route=%2Fwp%2Fv2%2Fmedia&parent=11"}],"curies":[{"name":"wp","href":"https:\/\/api.w.org\/{rel}","templated":true}]}}