{"id":203,"date":"2016-05-14T16:11:11","date_gmt":"2016-05-14T16:11:11","guid":{"rendered":"http:\/\/remtech.com.pl\/?page_id=203"},"modified":"2016-08-24T09:16:07","modified_gmt":"2016-08-24T09:16:07","slug":"izolacje-akustyczne","status":"publish","type":"page","link":"https:\/\/remtech.com.pl\/?page_id=203&lang=pl","title":{"rendered":"Izolacje akustyczne"},"content":{"rendered":"<p>Wykonujemy izolacje maj\u0105ce na celu obni\u017cenie poziomy ha\u0142asu:<\/p>\n<ul>\n<li>\u015brodowiskowego, maj\u0105ce na celu osi\u0105gni\u0119cie poziomu pozwalaj\u0105cego na na prac\u0119 zak\u0142ad\u00f3w na obszarach chronionych akustycznie,<\/li>\n<li>w halach produkcyjnych, maj\u0105ce na celu ochron\u0119 pracownik\u00f3w, usuni\u0119cie zagro\u017cenia akustycznego wymagaj\u0105cego stosowania indywidualnej ochrony s\u0142uchu.<\/li>\n<\/ul>\n<p>Przy ocenie poziomu ha\u0142asu oraz projektowaniu izolacji kierujemy si\u0119 w\u0142a\u015bciwymi rozporz\u0105dzeniami odpowiednich ministr\u00f3w.<\/p>\n<p>Produkowane przez nas obudowy znalaz\u0142y zastosowanie m.in. w:<\/p>\n<ul>\n<li>przemy\u015ble automotive,<\/li>\n<li>przemy\u015ble meblarskim,<\/li>\n<li>budownictwie drogowym.<\/li>\n<\/ul>\n<p>Izolacje wykonujemy z materia\u0142\u00f3w niepalnych, odpornych na warunki przemys\u0142owe i atmosferyczne, m.in. ze \u015bcian typu sandwich blaszanych z we\u0142n\u0105 mineraln\u0105, oraz specjalistycznych materia\u0142\u00f3w izolacyjnych projektowanych do zastosowa\u0144 przemys\u0142owych.<\/p>\n<p><u>Nigdy nie u\u017cywany g\u0105bek oraz pianek, kt\u00f3re maj\u0105 zastosowanie w studiach nagraniowych i nie sprawdzaj\u0105 si\u0119 w przemy\u015ble.<br \/>\n<\/u><br \/>\nKa\u017cdy nasz projekt z zakresu akustyki poprzedzony jest badaniami identyfikuj\u0105cymi najbardziej uci\u0105\u017cliwe \u017ar\u00f3d\u0142a ha\u0142asu. Po zamontowaniu izolacji wykonujemy badania potwierdzaj\u0105ce skuteczno\u015b\u0107 zainstalowanych obud\u00f3w. Do bada\u0144 wykorzystujemy analizator\u00a0Svantek SVAN 971.<\/p>\n<p>&nbsp;<\/p>\n","protected":false},"excerpt":{"rendered":"<p>Wykonujemy izolacje maj\u0105ce na celu obni\u017cenie poziomy ha\u0142asu: \u015brodowiskowego, maj\u0105ce na celu osi\u0105gni\u0119cie poziomu pozwalaj\u0105cego na na prac\u0119 zak\u0142ad\u00f3w na<\/p>\n","protected":false},"author":1,"featured_media":0,"parent":31,"menu_order":0,"comment_status":"closed","ping_status":"closed","template":"","meta":{"footnotes":""},"class_list":["post-203","page","type-page","status-publish","hentry","not-sticky"],"jetpack_sharing_enabled":true,"_links":{"self":[{"href":"https:\/\/remtech.com.pl\/index.php?rest_route=\/wp\/v2\/pages\/203","targetHints":{"allow":["GET"]}}],"collection":[{"href":"https:\/\/remtech.com.pl\/index.php?rest_route=\/wp\/v2\/pages"}],"about":[{"href":"https:\/\/remtech.com.pl\/index.php?rest_route=\/wp\/v2\/types\/page"}],"author":[{"embeddable":true,"href":"https:\/\/remtech.com.pl\/index.php?rest_route=\/wp\/v2\/users\/1"}],"replies":[{"embeddable":true,"href":"https:\/\/remtech.com.pl\/index.php?rest_route=%2Fwp%2Fv2%2Fcomments&post=203"}],"version-history":[{"count":8,"href":"https:\/\/remtech.com.pl\/index.php?rest_route=\/wp\/v2\/pages\/203\/revisions"}],"predecessor-version":[{"id":316,"href":"https:\/\/remtech.com.pl\/index.php?rest_route=\/wp\/v2\/pages\/203\/revisions\/316"}],"up":[{"embeddable":true,"href":"https:\/\/remtech.com.pl\/index.php?rest_route=\/wp\/v2\/pages\/31"}],"wp:attachment":[{"href":"https:\/\/remtech.com.pl\/index.php?rest_route=%2Fwp%2Fv2%2Fmedia&parent=203"}],"curies":[{"name":"wp","href":"https:\/\/api.w.org\/{rel}","templated":true}]}}