{"id":209,"date":"2016-05-14T16:12:57","date_gmt":"2016-05-14T16:12:57","guid":{"rendered":"http:\/\/remtech.com.pl\/?page_id=209"},"modified":"2016-08-24T10:09:46","modified_gmt":"2016-08-24T10:09:46","slug":"kompozyty-i-tworzywa-sztuczne","status":"publish","type":"page","link":"https:\/\/remtech.com.pl\/?page_id=209&lang=pl","title":{"rendered":"Kompozyty i tworzywa sztuczne"},"content":{"rendered":"<p>Produkujemy linie technologiczne oraz maszyny\u00a0uczestnicz\u0105ce w produkcji tworzyw sztucznych oraz kompozyt\u00f3w.<\/p>\n<p>Wyprodukowali\u015bmy mi\u0119dzy innymi:<\/p>\n<ul>\n<li>manipulatory do roz\u0142adowania wtryskarek,<\/li>\n<li>prasy do prepreg\u00f3w i termoplast\u00f3w,<\/li>\n<li>linie do produkcji suchych prepreg\u00f3w,<\/li>\n<li>linie do produkcji wyposa\u017cenia \u015brodk\u00f3w komunikacji zbiorowej,<\/li>\n<li>nasypywarki do \u017cywic suchych .<\/li>\n<\/ul>\n","protected":false},"excerpt":{"rendered":"<p>Produkujemy linie technologiczne oraz maszyny\u00a0uczestnicz\u0105ce w produkcji tworzyw sztucznych oraz kompozyt\u00f3w. Wyprodukowali\u015bmy mi\u0119dzy innymi: manipulatory do roz\u0142adowania wtryskarek, prasy do<\/p>\n","protected":false},"author":1,"featured_media":0,"parent":31,"menu_order":0,"comment_status":"closed","ping_status":"closed","template":"","meta":{"footnotes":""},"class_list":["post-209","page","type-page","status-publish","hentry","not-sticky"],"jetpack_sharing_enabled":true,"_links":{"self":[{"href":"https:\/\/remtech.com.pl\/index.php?rest_route=\/wp\/v2\/pages\/209","targetHints":{"allow":["GET"]}}],"collection":[{"href":"https:\/\/remtech.com.pl\/index.php?rest_route=\/wp\/v2\/pages"}],"about":[{"href":"https:\/\/remtech.com.pl\/index.php?rest_route=\/wp\/v2\/types\/page"}],"author":[{"embeddable":true,"href":"https:\/\/remtech.com.pl\/index.php?rest_route=\/wp\/v2\/users\/1"}],"replies":[{"embeddable":true,"href":"https:\/\/remtech.com.pl\/index.php?rest_route=%2Fwp%2Fv2%2Fcomments&post=209"}],"version-history":[{"count":4,"href":"https:\/\/remtech.com.pl\/index.php?rest_route=\/wp\/v2\/pages\/209\/revisions"}],"predecessor-version":[{"id":318,"href":"https:\/\/remtech.com.pl\/index.php?rest_route=\/wp\/v2\/pages\/209\/revisions\/318"}],"up":[{"embeddable":true,"href":"https:\/\/remtech.com.pl\/index.php?rest_route=\/wp\/v2\/pages\/31"}],"wp:attachment":[{"href":"https:\/\/remtech.com.pl\/index.php?rest_route=%2Fwp%2Fv2%2Fmedia&parent=209"}],"curies":[{"name":"wp","href":"https:\/\/api.w.org\/{rel}","templated":true}]}}