{"id":213,"date":"2016-05-14T16:14:17","date_gmt":"2016-05-14T16:14:17","guid":{"rendered":"http:\/\/remtech.com.pl\/?page_id=213"},"modified":"2016-08-29T09:16:25","modified_gmt":"2016-08-29T09:16:25","slug":"automatyzacja-i-modernizacja","status":"publish","type":"page","link":"https:\/\/remtech.com.pl\/?page_id=213&lang=pl","title":{"rendered":"Automatyzacja i modernizacja"},"content":{"rendered":"<p>Nasza firma powsta\u0142a z wydzia\u0142u remontowego Fabryki Pi\u0142 i Narz\u0119dzi, mamy du\u017ce do\u015bwiadczenie w zakresie modernizacji maszyn, dostosowania ich do wymog\u00f3w dyrektyw oraz przepis\u00f3w bezpiecze\u0144stwa. Zajmujemy si\u0119 tak\u017ce automatyzacj\u0105 procesu z wykorzystaniem istniej\u0105cych maszyn modernizuj\u0105c ich instalacje sterownicze oraz w\u0142\u0105czaj\u0105c je w zautomatyzowane linie technologiczne.<\/p>\n<p>&nbsp;<\/p>\n<p>&nbsp;<\/p>\n<p>&nbsp;<\/p>\n<p>&nbsp;<\/p>\n","protected":false},"excerpt":{"rendered":"<p>Nasza firma powsta\u0142a z wydzia\u0142u remontowego Fabryki Pi\u0142 i Narz\u0119dzi, mamy du\u017ce do\u015bwiadczenie w zakresie modernizacji maszyn, dostosowania ich do<\/p>\n","protected":false},"author":1,"featured_media":0,"parent":31,"menu_order":0,"comment_status":"closed","ping_status":"closed","template":"","meta":{"footnotes":""},"class_list":["post-213","page","type-page","status-publish","hentry","not-sticky"],"jetpack_sharing_enabled":true,"_links":{"self":[{"href":"https:\/\/remtech.com.pl\/index.php?rest_route=\/wp\/v2\/pages\/213","targetHints":{"allow":["GET"]}}],"collection":[{"href":"https:\/\/remtech.com.pl\/index.php?rest_route=\/wp\/v2\/pages"}],"about":[{"href":"https:\/\/remtech.com.pl\/index.php?rest_route=\/wp\/v2\/types\/page"}],"author":[{"embeddable":true,"href":"https:\/\/remtech.com.pl\/index.php?rest_route=\/wp\/v2\/users\/1"}],"replies":[{"embeddable":true,"href":"https:\/\/remtech.com.pl\/index.php?rest_route=%2Fwp%2Fv2%2Fcomments&post=213"}],"version-history":[{"count":5,"href":"https:\/\/remtech.com.pl\/index.php?rest_route=\/wp\/v2\/pages\/213\/revisions"}],"predecessor-version":[{"id":509,"href":"https:\/\/remtech.com.pl\/index.php?rest_route=\/wp\/v2\/pages\/213\/revisions\/509"}],"up":[{"embeddable":true,"href":"https:\/\/remtech.com.pl\/index.php?rest_route=\/wp\/v2\/pages\/31"}],"wp:attachment":[{"href":"https:\/\/remtech.com.pl\/index.php?rest_route=%2Fwp%2Fv2%2Fmedia&parent=213"}],"curies":[{"name":"wp","href":"https:\/\/api.w.org\/{rel}","templated":true}]}}