{"id":215,"date":"2016-05-14T16:14:38","date_gmt":"2016-05-14T16:14:38","guid":{"rendered":"http:\/\/remtech.com.pl\/?page_id=215"},"modified":"2016-08-29T09:34:29","modified_gmt":"2016-08-29T09:34:29","slug":"transportery","status":"publish","type":"page","link":"https:\/\/remtech.com.pl\/?page_id=215&lang=pl","title":{"rendered":"Transportery"},"content":{"rendered":"<p>Produkujemy transportery ta\u015bmowe oraz \u0142a\u0144cuchowe poziome, pionowe oraz sko\u015bne. Nasze specjalistyczne transportery znalaz\u0142y ju\u017c zastosowanie m.in. w przemy\u015ble spo\u017cywczym, chemicznym do transportu surowc\u00f3w sypkich, automotive, oraz w produkcji materia\u0142\u00f3w budowlanych.<\/p>\n<p>Transportery wykonujemy wed\u0142ug specyfikacji klienta, stosujemy konstrukcje stalowe (m.in. S100, S120), oraz z profili aluminiowych (m.in. Bosch Al40, Al80).<\/p>\n<div class=\"gmedia_gallery amron_module is_bot\" id=\"GmediaGallery_16\" data-gmid=\"16\" data-module=\"amron\"><script type=\"text\/javascript\">\n\t(function() {\n\t\tthis['GmediaGallery_16'] = {\n\t\t\t'settings':{\"collectionThumbRecomendedWidth\":\"260\",\"collectionPreloaderColor\":\"333333\",\"linkTargetWindow\":\"_blank\",\"thumbSpacing\":\"10\",\"tagsFilter\":\"0\",\"tagCloudAll\":\"All\",\"tagCloudTextColor\":\"rgba(0, 0, 0, 1)\",\"tagCloudTextColorOver\":\"rgba(255,255, 255, 1)\",\"tagCloudBgColor\":\"rgba(211, 211, 211, 1)\",\"tagCloudBgColorOver\":\"rgba(11, 11, 11, 1)\",\"collectionThumbHoverColor\":\"rgba(0, 0, 0, .7)\",\"collectionThumbContentBGColor\":\"rgba(245,245,245,1)\",\"collectionThumbTitleShow\":\"0\",\"collectionThumbTitleColor\":\"rgba(0,0,0,1)\",\"collectionThumbFontSize\":\"18\",\"collectionThumbDescriptionShow\":\"0\",\"collectionThumbDescriptionColor\":\"rgba(0,0,0,1)\",\"collectionThumbDescriptionFontSize\":\"15\",\"collectionReadMoreButtonLabel\":\"Read More\",\"collectionReadMoreButtonLabelColor\":\"rgba(255, 255, 255, 1)\",\"collectionReadMoreButtonBGColor\":\"rgba(0, 0, 0, 1)\",\"collectionReadMoreButtonLabelColorHover\":\"rgba(0, 0, 0, 1)\",\"collectionReadMoreButtonBGColorHover\":\"rgba(235,235,235,1)\",\"modaBgColor\":\"rgba(0,0,0,0.9)\",\"modalInfoBoxBgColor\":\"rgba(255,255,255,1)\",\"modalInfoBoxTitleTextColor\":\"000000\",\"modalInfoBoxTextColor\":\"333333\",\"infoBarCountersEnable\":\"0\",\"infoBarDateInfoEnable\":\"0\",\"lightBoxEnable\":\"1\",\"sliderPreloaderColor\":\"ffffff\",\"sliderBgColor\":\"rgba(0,0,0,0.8)\",\"sliderHeaderFooterBgColor\":\"000000\",\"sliderNavigationColor\":\"rgba(0,0,0,1)\",\"sliderNavigationIconColor\":\"rgba(255,255,255,1)\",\"sliderNavigationColorOver\":\"rgba(255,255,255,1)\",\"sliderNavigationIconColorOver\":\"rgba(0,0,0,1)\",\"sliderItemTitleFontSize\":\"24\",\"sliderItemTitleTextColor\":\"ffffff\",\"sliderThumbBarEnable\":\"0\",\"sliderThumbBarHoverColor\":\"ffffff\",\"sliderThumbSubMenuBackgroundColor\":\"rgba(0,0,0,1)\",\"sliderThumbSubMenuBackgroundColorOver\":\"rgba(255,255,255,1)\",\"sliderThumbSubMenuIconColor\":\"rgba(255,255,255,1)\",\"sliderThumbSubMenuIconHoverColor\":\"rgba(0,0,0,1)\",\"sliderInfoEnable\":\"0\",\"sliderItemDownload\":\"0\",\"sliderItemDiscuss\":\"0\",\"sliderSocialShareEnabled\":\"0\",\"sliderLikesEnabled\":\"0\",\"customCSS\":\"\",\"module_url\":\"https:\\\/\\\/remtech.com.pl\\\/wp-content\\\/plugins\\\/grand-media\\\/module\\\/amron\",\"license\":\"\",\"post_url\":\"https:\\\/\\\/remtech.com.pl?rest_route=wpv2pages215\"},\n\t\t\t'appQuery':{\"orderby\":\"ID\",\"order\":\"DESC\",\"tag__in\":\"14\",\"status\":[\"publish\"],\"limit\":100},\n\t\t\t'appApi':\"https:\\\/\\\/remtech.com.pl\\\/?gmedia-app=1&gmappversion=4&gmmodule=1\",\n\t\t\t'appInfo':{\"name\":\"transportery\",\"description\":\"\"}};\n\t})();\n<\/script>\n<\/div>\n<p>&nbsp;<\/p>\n","protected":false},"excerpt":{"rendered":"<p>Produkujemy transportery ta\u015bmowe oraz \u0142a\u0144cuchowe poziome, pionowe oraz sko\u015bne. Nasze specjalistyczne transportery znalaz\u0142y ju\u017c zastosowanie m.in. w przemy\u015ble spo\u017cywczym, chemicznym<\/p>\n","protected":false},"author":1,"featured_media":0,"parent":31,"menu_order":0,"comment_status":"closed","ping_status":"closed","template":"","meta":{"footnotes":""},"class_list":["post-215","page","type-page","status-publish","hentry","not-sticky"],"jetpack_sharing_enabled":true,"_links":{"self":[{"href":"https:\/\/remtech.com.pl\/index.php?rest_route=\/wp\/v2\/pages\/215","targetHints":{"allow":["GET"]}}],"collection":[{"href":"https:\/\/remtech.com.pl\/index.php?rest_route=\/wp\/v2\/pages"}],"about":[{"href":"https:\/\/remtech.com.pl\/index.php?rest_route=\/wp\/v2\/types\/page"}],"author":[{"embeddable":true,"href":"https:\/\/remtech.com.pl\/index.php?rest_route=\/wp\/v2\/users\/1"}],"replies":[{"embeddable":true,"href":"https:\/\/remtech.com.pl\/index.php?rest_route=%2Fwp%2Fv2%2Fcomments&post=215"}],"version-history":[{"count":6,"href":"https:\/\/remtech.com.pl\/index.php?rest_route=\/wp\/v2\/pages\/215\/revisions"}],"predecessor-version":[{"id":536,"href":"https:\/\/remtech.com.pl\/index.php?rest_route=\/wp\/v2\/pages\/215\/revisions\/536"}],"up":[{"embeddable":true,"href":"https:\/\/remtech.com.pl\/index.php?rest_route=\/wp\/v2\/pages\/31"}],"wp:attachment":[{"href":"https:\/\/remtech.com.pl\/index.php?rest_route=%2Fwp%2Fv2%2Fmedia&parent=215"}],"curies":[{"name":"wp","href":"https:\/\/api.w.org\/{rel}","templated":true}]}}