{"id":217,"date":"2016-05-14T16:14:57","date_gmt":"2016-05-14T16:14:57","guid":{"rendered":"http:\/\/remtech.com.pl\/?page_id=217"},"modified":"2016-08-29T09:15:22","modified_gmt":"2016-08-29T09:15:22","slug":"piece","status":"publish","type":"page","link":"https:\/\/remtech.com.pl\/?page_id=217&lang=pl","title":{"rendered":"Piece"},"content":{"rendered":"<p>Wykonujemy i modernizujemy piece technologiczne.<\/p>\n<p>Wykonali\u015bmy\u00a0mi\u0119dzy innymi:<\/p>\n<ul>\n<li>piece do produkcji z\u0142\u0105cz ciep\u0142owniczych,<\/li>\n<li>piece susz\u0105ce malowane \u017car\u00f3wki,<\/li>\n<li>lini\u0119 do produkcji papieru \u015bciernego.<\/li>\n<\/ul>\n<p>&nbsp;<\/p>\n<p>&nbsp;<\/p>\n<p>&nbsp;<\/p>\n<p>&nbsp;<\/p>\n<p>&nbsp;<\/p>\n","protected":false},"excerpt":{"rendered":"<p>Wykonujemy i modernizujemy piece technologiczne. Wykonali\u015bmy\u00a0mi\u0119dzy innymi: piece do produkcji z\u0142\u0105cz ciep\u0142owniczych, piece susz\u0105ce malowane \u017car\u00f3wki, lini\u0119 do produkcji papieru<\/p>\n","protected":false},"author":1,"featured_media":0,"parent":31,"menu_order":0,"comment_status":"closed","ping_status":"closed","template":"","meta":{"footnotes":""},"class_list":["post-217","page","type-page","status-publish","hentry","not-sticky"],"jetpack_sharing_enabled":true,"_links":{"self":[{"href":"https:\/\/remtech.com.pl\/index.php?rest_route=\/wp\/v2\/pages\/217","targetHints":{"allow":["GET"]}}],"collection":[{"href":"https:\/\/remtech.com.pl\/index.php?rest_route=\/wp\/v2\/pages"}],"about":[{"href":"https:\/\/remtech.com.pl\/index.php?rest_route=\/wp\/v2\/types\/page"}],"author":[{"embeddable":true,"href":"https:\/\/remtech.com.pl\/index.php?rest_route=\/wp\/v2\/users\/1"}],"replies":[{"embeddable":true,"href":"https:\/\/remtech.com.pl\/index.php?rest_route=%2Fwp%2Fv2%2Fcomments&post=217"}],"version-history":[{"count":5,"href":"https:\/\/remtech.com.pl\/index.php?rest_route=\/wp\/v2\/pages\/217\/revisions"}],"predecessor-version":[{"id":505,"href":"https:\/\/remtech.com.pl\/index.php?rest_route=\/wp\/v2\/pages\/217\/revisions\/505"}],"up":[{"embeddable":true,"href":"https:\/\/remtech.com.pl\/index.php?rest_route=\/wp\/v2\/pages\/31"}],"wp:attachment":[{"href":"https:\/\/remtech.com.pl\/index.php?rest_route=%2Fwp%2Fv2%2Fmedia&parent=217"}],"curies":[{"name":"wp","href":"https:\/\/api.w.org\/{rel}","templated":true}]}}