{"id":28,"date":"2016-05-13T13:48:10","date_gmt":"2016-05-13T13:48:10","guid":{"rendered":"http:\/\/remtech.com.pl\/?page_id=28"},"modified":"2019-09-27T12:40:51","modified_gmt":"2019-09-27T12:40:51","slug":"o-firmie","status":"publish","type":"page","link":"https:\/\/remtech.com.pl\/?page_id=28&lang=pl","title":{"rendered":"O firmie"},"content":{"rendered":"<p>Nasza firma powsta\u0142a w lipcu 2000 roku jako sp\u00f3\u0142ka stworzona na bazie dzia\u0142u technicznego Fabryki Pi\u0142 i Narz\u0119dzi WAPIENICA S.A. Mimo stosunkowo ma\u0142ego sta\u017cu na rynku, stoi za nami ponad 90 lat tradycji i do\u015bwiadczenia. Pocz\u0105tkowo zak\u0142ad wykonywa\u0142 g\u0142\u00f3wnie prace na rzecz fabryki WAPIENICA, polegaj\u0105ce na remoncie i modernizacji parku maszynowego oraz utrzymaniu ruchu. Z up\u0142ywem czasu firma otworzy\u0142a si\u0119 na zlecenia firm zewn\u0119trznych, co przyczyni\u0142o si\u0119 do jej dynamicznego rozwoju. W chwili obecnej zlecenia te stanowi\u0105 g\u0142\u00f3wny obszar dzia\u0142ania firmy.<\/p>\n<p>Oferujemy kompleksowe remonty i modernizacj\u0119 maszyn, prowadzimy serwis i konserwacj\u0119, jak r\u00f3wnie\u017c projektujemy i wykonujemy nowe urz\u0105dzenia zgodne z potrzebami klienta.<\/p>\n<p>Naszym najwi\u0119kszym kapita\u0142em i g\u0142\u00f3wnym atutem na rynku jest kadra pracownicza, kt\u00f3ra swoje do\u015bwiadczenie zawodowe i umiej\u0119tno\u015bci praktyczne zdobywa\u0142a w renomowanym zak\u0142adzie o ustalonych tradycjach. Pozwala nam to na sprawn\u0105 i precyzyjn\u0105 realizacj\u0119 zlece\u0144 w standardach zgodnych z ISO 9000. Nieustannie jednak doskonalimy nasze umiej\u0119tno\u015bci, aby w jak najwi\u0119kszym stopniu sprosta\u0107 wymaganiom klient\u00f3w.<\/p>\n","protected":false},"excerpt":{"rendered":"<p>Nasza firma powsta\u0142a w lipcu 2000 roku jako sp\u00f3\u0142ka stworzona na bazie dzia\u0142u technicznego Fabryki Pi\u0142 i Narz\u0119dzi WAPIENICA S.A.<\/p>\n","protected":false},"author":1,"featured_media":0,"parent":0,"menu_order":0,"comment_status":"closed","ping_status":"closed","template":"","meta":{"footnotes":""},"class_list":["post-28","page","type-page","status-publish","hentry","not-sticky"],"jetpack_sharing_enabled":true,"_links":{"self":[{"href":"https:\/\/remtech.com.pl\/index.php?rest_route=\/wp\/v2\/pages\/28","targetHints":{"allow":["GET"]}}],"collection":[{"href":"https:\/\/remtech.com.pl\/index.php?rest_route=\/wp\/v2\/pages"}],"about":[{"href":"https:\/\/remtech.com.pl\/index.php?rest_route=\/wp\/v2\/types\/page"}],"author":[{"embeddable":true,"href":"https:\/\/remtech.com.pl\/index.php?rest_route=\/wp\/v2\/users\/1"}],"replies":[{"embeddable":true,"href":"https:\/\/remtech.com.pl\/index.php?rest_route=%2Fwp%2Fv2%2Fcomments&post=28"}],"version-history":[{"count":2,"href":"https:\/\/remtech.com.pl\/index.php?rest_route=\/wp\/v2\/pages\/28\/revisions"}],"predecessor-version":[{"id":75,"href":"https:\/\/remtech.com.pl\/index.php?rest_route=\/wp\/v2\/pages\/28\/revisions\/75"}],"wp:attachment":[{"href":"https:\/\/remtech.com.pl\/index.php?rest_route=%2Fwp%2Fv2%2Fmedia&parent=28"}],"curies":[{"name":"wp","href":"https:\/\/api.w.org\/{rel}","templated":true}]}}