{"id":499,"date":"2016-08-29T09:02:30","date_gmt":"2016-08-29T09:02:30","guid":{"rendered":"http:\/\/remtech.com.pl\/?page_id=499"},"modified":"2016-08-29T09:30:49","modified_gmt":"2016-08-29T09:30:49","slug":"projektowanie-i-budowa-maszyn-specjalistycznych","status":"publish","type":"page","link":"https:\/\/remtech.com.pl\/?page_id=499&lang=pl","title":{"rendered":"Projektowanie i budowa maszyn specjalistycznych"},"content":{"rendered":"<p>Projektujemy i budujemy maszyny specjalistyczne w oparciu o wymagania naszych klient\u00f3w.<\/p>\n<p>Po\u015br\u00f3d projektowanych przez nasz produkt\u00f3w znalaz\u0142y si\u0119:<\/p>\n<ul>\n<li>Maszyny licz\u0105ce ilo\u015b\u0107 wyprodukowanych element\u00f3w,<\/li>\n<li>Maszyny mierz\u0105ce d\u0142ugo\u015b\u0107 wykonanych element\u00f3w,<\/li>\n<li>Maszyny do produkcji z\u0142\u0105cz do preizolowanych rur ciep\u0142owniczych,<\/li>\n<li>Piece technologiczne,<\/li>\n<li>Linie technologiczne do produkcji uszczelek gumowych,<\/li>\n<li>Polerki do listew z\u0119batych,<\/li>\n<li>Frezarki oraz plotery laserowe oraz tn\u0105ce CNC,<\/li>\n<li>Transportery znajduj\u0105ce zastosowanie w przemys\u0142ach spo\u017cywczym i automotive i wielu innych.<\/li>\n<\/ul>\n<p>Maszyny projektujemy przy pomocy nowoczesnych system\u00f3w CAD 2D oraz 3D.<br \/>\nWykonujemy je korzystaj\u0105c z podzespo\u0142\u00f3w renomowanych firm, daj\u0105cych gwarancj\u0119 niezawodno\u015bci. Konstrukcje wykonujemy w naszej firmie, wykorzystuj\u0105c materia\u0142y takie jak: profile stalowe, aluminiowe, stal nierdzewn\u0105, tworzywa sztuczne i kompozyty.<br \/>\nPod\u0105\u017camy za najnowszymi trendami projektowania maszyn, w tym tak\u017ce za przemys\u0142em 4.0. Wszystkie nasze maszyny wyposa\u017cone w sterowniki PLC maj\u0105 wgrany web server pozwalaj\u0105cy na zdaln\u0105 kontrol\u0119 pracy maszyny oraz pod\u0142\u0105czenie jej do zak\u0142adowej sieci LAN.<\/p>\n<div class=\"gmedia_gallery amron_module is_bot\" id=\"GmediaGallery_10\" data-gmid=\"10\" data-module=\"amron\"><script type=\"text\/javascript\">\n\t(function() {\n\t\tthis['GmediaGallery_10'] = {\n\t\t\t'settings':{\"collectionThumbRecomendedWidth\":\"260\",\"collectionPreloaderColor\":\"333333\",\"linkTargetWindow\":\"_blank\",\"thumbSpacing\":\"10\",\"tagsFilter\":\"0\",\"tagCloudAll\":\"All\",\"tagCloudTextColor\":\"rgba(0, 0, 0, 1)\",\"tagCloudTextColorOver\":\"rgba(255,255, 255, 1)\",\"tagCloudBgColor\":\"rgba(211, 211, 211, 1)\",\"tagCloudBgColorOver\":\"rgba(11, 11, 11, 1)\",\"collectionThumbHoverColor\":\"rgba(0, 0, 0, .7)\",\"collectionThumbContentBGColor\":\"rgba(245,245,245,1)\",\"collectionThumbTitleShow\":\"0\",\"collectionThumbTitleColor\":\"rgba(0,0,0,1)\",\"collectionThumbFontSize\":\"18\",\"collectionThumbDescriptionShow\":\"0\",\"collectionThumbDescriptionColor\":\"rgba(0,0,0,1)\",\"collectionThumbDescriptionFontSize\":\"15\",\"collectionReadMoreButtonLabel\":\"Read More\",\"collectionReadMoreButtonLabelColor\":\"rgba(255, 255, 255, 1)\",\"collectionReadMoreButtonBGColor\":\"rgba(0, 0, 0, 1)\",\"collectionReadMoreButtonLabelColorHover\":\"rgba(0, 0, 0, 1)\",\"collectionReadMoreButtonBGColorHover\":\"rgba(235,235,235,1)\",\"modaBgColor\":\"rgba(0,0,0,0.9)\",\"modalInfoBoxBgColor\":\"rgba(255,255,255,1)\",\"modalInfoBoxTitleTextColor\":\"000000\",\"modalInfoBoxTextColor\":\"333333\",\"infoBarCountersEnable\":\"0\",\"infoBarDateInfoEnable\":\"0\",\"lightBoxEnable\":\"1\",\"sliderPreloaderColor\":\"ffffff\",\"sliderBgColor\":\"rgba(0,0,0,0.8)\",\"sliderHeaderFooterBgColor\":\"000000\",\"sliderNavigationColor\":\"rgba(0,0,0,1)\",\"sliderNavigationIconColor\":\"rgba(255,255,255,1)\",\"sliderNavigationColorOver\":\"rgba(255,255,255,1)\",\"sliderNavigationIconColorOver\":\"rgba(0,0,0,1)\",\"sliderItemTitleFontSize\":\"24\",\"sliderItemTitleTextColor\":\"ffffff\",\"sliderThumbBarEnable\":\"0\",\"sliderThumbBarHoverColor\":\"ffffff\",\"sliderThumbSubMenuBackgroundColor\":\"rgba(0,0,0,1)\",\"sliderThumbSubMenuBackgroundColorOver\":\"rgba(255,255,255,1)\",\"sliderThumbSubMenuIconColor\":\"rgba(255,255,255,1)\",\"sliderThumbSubMenuIconHoverColor\":\"rgba(0,0,0,1)\",\"sliderInfoEnable\":\"0\",\"sliderItemDownload\":\"0\",\"sliderItemDiscuss\":\"0\",\"sliderSocialShareEnabled\":\"0\",\"sliderLikesEnabled\":\"0\",\"customCSS\":\"\",\"module_url\":\"https:\\\/\\\/remtech.com.pl\\\/wp-content\\\/plugins\\\/grand-media\\\/module\\\/amron\",\"license\":\"\",\"post_url\":\"https:\\\/\\\/remtech.com.pl?rest_route=wpv2pages499\"},\n\t\t\t'appQuery':{\"orderby\":\"ID\",\"order\":\"DESC\",\"tag__in\":\"12\",\"status\":[\"publish\"],\"limit\":100},\n\t\t\t'appApi':\"https:\\\/\\\/remtech.com.pl\\\/?gmedia-app=1&gmappversion=4&gmmodule=1\",\n\t\t\t'appInfo':{\"name\":\"projektowanie\",\"description\":\"\"}};\n\t})();\n<\/script>\n<\/div>\n","protected":false},"excerpt":{"rendered":"<p>Projektujemy i budujemy maszyny specjalistyczne w oparciu o wymagania naszych klient\u00f3w. Po\u015br\u00f3d projektowanych przez nasz produkt\u00f3w znalaz\u0142y si\u0119: Maszyny licz\u0105ce<\/p>\n","protected":false},"author":1,"featured_media":0,"parent":0,"menu_order":0,"comment_status":"closed","ping_status":"closed","template":"","meta":{"footnotes":""},"class_list":["post-499","page","type-page","status-publish","hentry","not-sticky"],"jetpack_sharing_enabled":true,"_links":{"self":[{"href":"https:\/\/remtech.com.pl\/index.php?rest_route=\/wp\/v2\/pages\/499","targetHints":{"allow":["GET"]}}],"collection":[{"href":"https:\/\/remtech.com.pl\/index.php?rest_route=\/wp\/v2\/pages"}],"about":[{"href":"https:\/\/remtech.com.pl\/index.php?rest_route=\/wp\/v2\/types\/page"}],"author":[{"embeddable":true,"href":"https:\/\/remtech.com.pl\/index.php?rest_route=\/wp\/v2\/users\/1"}],"replies":[{"embeddable":true,"href":"https:\/\/remtech.com.pl\/index.php?rest_route=%2Fwp%2Fv2%2Fcomments&post=499"}],"version-history":[{"count":2,"href":"https:\/\/remtech.com.pl\/index.php?rest_route=\/wp\/v2\/pages\/499\/revisions"}],"predecessor-version":[{"id":531,"href":"https:\/\/remtech.com.pl\/index.php?rest_route=\/wp\/v2\/pages\/499\/revisions\/531"}],"wp:attachment":[{"href":"https:\/\/remtech.com.pl\/index.php?rest_route=%2Fwp%2Fv2%2Fmedia&parent=499"}],"curies":[{"name":"wp","href":"https:\/\/api.w.org\/{rel}","templated":true}]}}